{"id":2580,"date":"2025-07-17T00:56:09","date_gmt":"2025-07-17T00:56:09","guid":{"rendered":"https:\/\/fimdaqueda.shop\/?page_id=2580"},"modified":"2025-08-02T14:29:51","modified_gmt":"2025-08-02T14:29:51","slug":"pagina-1-1","status":"publish","type":"page","link":"https:\/\/fimdaqueda.shop\/","title":{"rendered":"Pagina 1.1"},"content":{"rendered":"\t\t<div data-elementor-type=\"wp-page\" data-elementor-id=\"2580\" class=\"elementor elementor-2580\" data-elementor-post-type=\"page\">\n\t\t\t\t<div class=\"elementor-element elementor-element-9fb53fa e-flex e-con-boxed e-con e-parent\" data-id=\"9fb53fa\" data-element_type=\"container\" data-settings=\"{&quot;background_background&quot;:&quot;classic&quot;}\">\n\t\t\t\t\t<div class=\"e-con-inner\">\n\t\t<div class=\"elementor-element elementor-element-c27c2de e-con-full e-flex e-con e-child\" data-id=\"c27c2de\" data-element_type=\"container\">\n\t\t\t\t<div class=\"elementor-element elementor-element-df7402b elementor-widget elementor-widget-image\" data-id=\"df7402b\" data-element_type=\"widget\" data-widget_type=\"image.default\">\n\t\t\t\t<div class=\"elementor-widget-container\">\n\t\t\t\t\t\t\t\t\t\t\t\t\t\t\t<img fetchpriority=\"high\" decoding=\"async\" width=\"800\" height=\"800\" src=\"https:\/\/fimdaqueda.shop\/wp-content\/uploads\/2025\/07\/ChatGPT-Image-23-de-jul.-de-2025-17_11_19.png\" class=\"attachment-large size-large wp-image-2847\" alt=\"\" srcset=\"https:\/\/fimdaqueda.shop\/wp-content\/uploads\/2025\/07\/ChatGPT-Image-23-de-jul.-de-2025-17_11_19.png 1024w, https:\/\/fimdaqueda.shop\/wp-content\/uploads\/2025\/07\/ChatGPT-Image-23-de-jul.-de-2025-17_11_19-300x300.png 300w, https:\/\/fimdaqueda.shop\/wp-content\/uploads\/2025\/07\/ChatGPT-Image-23-de-jul.-de-2025-17_11_19-150x150.png 150w, https:\/\/fimdaqueda.shop\/wp-content\/uploads\/2025\/07\/ChatGPT-Image-23-de-jul.-de-2025-17_11_19-768x768.png 768w\" sizes=\"(max-width: 800px) 100vw, 800px\" \/>\t\t\t\t\t\t\t\t\t\t\t\t\t\t\t<\/div>\n\t\t\t\t<\/div>\n\t\t\t\t<div class=\"elementor-element elementor-element-990a2ab elementor-mobile-align-center elementor-icon-list--layout-traditional elementor-list-item-link-full_width elementor-widget elementor-widget-icon-list\" data-id=\"990a2ab\" data-element_type=\"widget\" data-widget_type=\"icon-list.default\">\n\t\t\t\t<div class=\"elementor-widget-container\">\n\t\t\t\t\t\t\t<ul class=\"elementor-icon-list-items\">\n\t\t\t\t\t\t\t<li class=\"elementor-icon-list-item\">\n\t\t\t\t\t\t\t\t\t\t<span class=\"elementor-icon-list-text\">Tratamento para mulheres que sofrem com Queda de Cabelo<\/span>\n\t\t\t\t\t\t\t\t\t<\/li>\n\t\t\t\t\t\t<\/ul>\n\t\t\t\t\t\t<\/div>\n\t\t\t\t<\/div>\n\t\t\t\t<div class=\"elementor-element elementor-element-05584f4 elementor-widget elementor-widget-heading\" data-id=\"05584f4\" data-element_type=\"widget\" data-widget_type=\"heading.default\">\n\t\t\t\t<div class=\"elementor-widget-container\">\n\t\t\t\t\t<h2 class=\"elementor-heading-title elementor-size-default\">Descubra o <u>Segredo para Dar um Fim \u00e0 Queda de Cabelo<\/u> e <i>Recuperar sua Autoestima<\/i> \n<\/h2>\t\t\t\t<\/div>\n\t\t\t\t<\/div>\n\t\t\t\t<div class=\"elementor-element elementor-element-4f60c49 elementor-widget elementor-widget-heading\" data-id=\"4f60c49\" data-element_type=\"widget\" data-widget_type=\"heading.default\">\n\t\t\t\t<div class=\"elementor-widget-container\">\n\t\t\t\t\t<h2 class=\"elementor-heading-title elementor-size-default\">Se voc\u00ea sente que est\u00e1 perdendo cabelo a cada dia, j\u00e1 testou rem\u00e9dios, c\u00e1psulas ou receitas caseiras e nada funcionou, este evento \u00e9 para voc\u00ea! Neste encontro ao vivo, vou revelar o m\u00e9todo definitivo para acabar com a queda, fortalecer os fios e recuperar sua confian\u00e7a \u2013 <b><i>sem rem\u00e9dios agressivos ou procedimentos invasivos!<\/i><\/b><\/h2>\t\t\t\t<\/div>\n\t\t\t\t<\/div>\n\t\t\t\t<div class=\"elementor-element elementor-element-9538625 elementor-widget elementor-widget-heading\" data-id=\"9538625\" data-element_type=\"widget\" data-widget_type=\"heading.default\">\n\t\t\t\t<div class=\"elementor-widget-container\">\n\t\t\t\t\t<h2 class=\"elementor-heading-title elementor-size-default\"><img decoding=\"async\" role=\"img\" class=\"emoji\" alt=\"\u2705\" src=\"https:\/\/s.w.org\/images\/core\/emoji\/15.1.0\/svg\/2705.svg\"> Acabe com a queda e fortale\u00e7a os fios desde a raiz<br><img decoding=\"async\" role=\"img\" class=\"emoji\" alt=\"\u2705\" src=\"https:\/\/s.w.org\/images\/core\/emoji\/15.1.0\/svg\/2705.svg\"> Recupere seu cabelo em tempo recorde<br><img decoding=\"async\" role=\"img\" class=\"emoji\" alt=\"\u2705\" src=\"https:\/\/s.w.org\/images\/core\/emoji\/15.1.0\/svg\/2705.svg\"> Recupere a sa\u00fade dos fios ap\u00f3s o parto, alopecia ou per\u00edodos de estresse<br><img decoding=\"async\" role=\"img\" class=\"emoji\" alt=\"\u2705\" src=\"https:\/\/s.w.org\/images\/core\/emoji\/15.1.0\/svg\/2705.svg\"> Evento gratuito e exclusivo com especialista<\/h2>\t\t\t\t<\/div>\n\t\t\t\t<\/div>\n\t\t<div class=\"elementor-element elementor-element-75ade00 e-con-full e-flex e-con e-child\" data-id=\"75ade00\" data-element_type=\"container\" data-settings=\"{&quot;background_background&quot;:&quot;classic&quot;}\">\n\t\t\t\t<div class=\"elementor-element elementor-element-832dc3d elementor-widget elementor-widget-heading\" data-id=\"832dc3d\" data-element_type=\"widget\" data-widget_type=\"heading.default\">\n\t\t\t\t<div class=\"elementor-widget-container\">\n\t\t\t\t\t<h2 class=\"elementor-heading-title elementor-size-default\">\ud83d\udcc5 Dia 06 de Agosto | \u23f2\ufe0f \u00c0s 20h00 | \ud83d\udc68\u200d\ud83d\udcbb Apenas 80 Vagas Dispon\u00edveis<\/h2>\t\t\t\t<\/div>\n\t\t\t\t<\/div>\n\t\t\t\t<\/div>\n\t\t\t\t<div class=\"elementor-element elementor-element-3bbe4e2 elementor-align-justify elementor-widget elementor-widget-button\" data-id=\"3bbe4e2\" data-element_type=\"widget\" data-widget_type=\"button.default\">\n\t\t\t\t<div class=\"elementor-widget-container\">\n\t\t\t\t\t\t\t\t\t<div class=\"elementor-button-wrapper\">\n\t\t\t\t\t<a class=\"elementor-button elementor-button-link elementor-size-sm\" href=\"#elementor-action%3Aaction%3Dpopup%3Aopen%26settings%3DeyJpZCI6IjI2MDUiLCJ0b2dnbGUiOmZhbHNlfQ%3D%3D\">\n\t\t\t\t\t\t<span class=\"elementor-button-content-wrapper\">\n\t\t\t\t\t\t\t\t\t<span class=\"elementor-button-text\">QUERO PARTICIPAR<\/span>\n\t\t\t\t\t<\/span>\n\t\t\t\t\t<\/a>\n\t\t\t\t<\/div>\n\t\t\t\t\t\t\t\t<\/div>\n\t\t\t\t<\/div>\n\t\t\t\t<\/div>\n\t\t<div class=\"elementor-element elementor-element-e013fa9 e-con-full e-flex e-con e-child\" data-id=\"e013fa9\" data-element_type=\"container\">\n\t\t\t\t<div class=\"elementor-element elementor-element-b493cc7 elementor-widget elementor-widget-image\" data-id=\"b493cc7\" data-element_type=\"widget\" data-widget_type=\"image.default\">\n\t\t\t\t<div class=\"elementor-widget-container\">\n\t\t\t\t\t\t\t\t\t\t\t\t\t\t\t<img decoding=\"async\" width=\"800\" height=\"1003\" src=\"https:\/\/fimdaqueda.shop\/wp-content\/uploads\/2025\/07\/IMG_9266-817x1024.jpg\" class=\"attachment-large size-large wp-image-2880\" alt=\"\" srcset=\"https:\/\/fimdaqueda.shop\/wp-content\/uploads\/2025\/07\/IMG_9266-817x1024.jpg 817w, https:\/\/fimdaqueda.shop\/wp-content\/uploads\/2025\/07\/IMG_9266-239x300.jpg 239w, https:\/\/fimdaqueda.shop\/wp-content\/uploads\/2025\/07\/IMG_9266-768x962.jpg 768w, https:\/\/fimdaqueda.shop\/wp-content\/uploads\/2025\/07\/IMG_9266-1226x1536.jpg 1226w, https:\/\/fimdaqueda.shop\/wp-content\/uploads\/2025\/07\/IMG_9266.jpg 1242w\" sizes=\"(max-width: 800px) 100vw, 800px\" \/>\t\t\t\t\t\t\t\t\t\t\t\t\t\t\t<\/div>\n\t\t\t\t<\/div>\n\t\t\t\t<div class=\"elementor-element elementor-element-b1ab950 elementor-widget elementor-widget-heading\" data-id=\"b1ab950\" data-element_type=\"widget\" data-widget_type=\"heading.default\">\n\t\t\t\t<div class=\"elementor-widget-container\">\n\t\t\t\t\t<h2 class=\"elementor-heading-title elementor-size-default\">Dra. J\u00e9ssica Feitosa<br>Especialista em Queda Capilar\n<\/h2>\t\t\t\t<\/div>\n\t\t\t\t<\/div>\n\t\t\t\t<\/div>\n\t\t\t\t\t<\/div>\n\t\t\t\t<\/div>\n\t\t<div class=\"elementor-element elementor-element-6f558ac e-flex e-con-boxed e-con e-parent\" data-id=\"6f558ac\" data-element_type=\"container\" data-settings=\"{&quot;background_background&quot;:&quot;classic&quot;}\">\n\t\t\t\t\t<div class=\"e-con-inner\">\n\t\t\t\t<div class=\"elementor-element elementor-element-961d546 elementor-widget elementor-widget-heading\" data-id=\"961d546\" data-element_type=\"widget\" data-widget_type=\"heading.default\">\n\t\t\t\t<div class=\"elementor-widget-container\">\n\t\t\t\t\t<h2 class=\"elementor-heading-title elementor-size-default\">ESTE SITE N\u00c3O \u00c9 do FACEBOOK: Este site n\u00e3o faz parte do site do Facebook ou do Facebook Inc. Al\u00e9m disso, este site N\u00c3O \u00e9 endossado pelo Facebook de nenhuma maneira.<br>FACEBOOK \u00e9 comercial independente da FACEBOOK, Inc.<\/h2>\t\t\t\t<\/div>\n\t\t\t\t<\/div>\n\t\t\t\t<div class=\"elementor-element elementor-element-6154427 elementor-widget elementor-widget-image\" data-id=\"6154427\" data-element_type=\"widget\" data-widget_type=\"image.default\">\n\t\t\t\t<div class=\"elementor-widget-container\">\n\t\t\t\t\t\t\t\t\t\t\t\t\t\t\t<img fetchpriority=\"high\" decoding=\"async\" width=\"800\" height=\"800\" src=\"https:\/\/fimdaqueda.shop\/wp-content\/uploads\/2025\/07\/ChatGPT-Image-23-de-jul.-de-2025-17_11_19.png\" class=\"attachment-large size-large wp-image-2847\" alt=\"\" srcset=\"https:\/\/fimdaqueda.shop\/wp-content\/uploads\/2025\/07\/ChatGPT-Image-23-de-jul.-de-2025-17_11_19.png 1024w, https:\/\/fimdaqueda.shop\/wp-content\/uploads\/2025\/07\/ChatGPT-Image-23-de-jul.-de-2025-17_11_19-300x300.png 300w, https:\/\/fimdaqueda.shop\/wp-content\/uploads\/2025\/07\/ChatGPT-Image-23-de-jul.-de-2025-17_11_19-150x150.png 150w, https:\/\/fimdaqueda.shop\/wp-content\/uploads\/2025\/07\/ChatGPT-Image-23-de-jul.-de-2025-17_11_19-768x768.png 768w\" sizes=\"(max-width: 800px) 100vw, 800px\" \/>\t\t\t\t\t\t\t\t\t\t\t\t\t\t\t<\/div>\n\t\t\t\t<\/div>\n\t\t\t\t\t<\/div>\n\t\t\t\t<\/div>\n\t\t\t\t<\/div>\n\t\t","protected":false},"excerpt":{"rendered":"<p>Tratamento para mulheres que sofrem com Queda de Cabelo Descubra o Segredo para Dar um Fim \u00e0 Queda de Cabelo e Recuperar sua Autoestima Se voc\u00ea sente que est\u00e1 perdendo cabelo a cada dia, j\u00e1 testou rem\u00e9dios, c\u00e1psulas ou receitas caseiras e nada funcionou, este evento \u00e9 para voc\u00ea! Neste encontro ao vivo, vou revelar [&hellip;]<\/p>\n","protected":false},"author":1,"featured_media":0,"parent":0,"menu_order":0,"comment_status":"closed","ping_status":"closed","template":"elementor_canvas","meta":{"footnotes":""},"class_list":["post-2580","page","type-page","status-publish","hentry"],"_links":{"self":[{"href":"https:\/\/fimdaqueda.shop\/index.php\/wp-json\/wp\/v2\/pages\/2580","targetHints":{"allow":["GET"]}}],"collection":[{"href":"https:\/\/fimdaqueda.shop\/index.php\/wp-json\/wp\/v2\/pages"}],"about":[{"href":"https:\/\/fimdaqueda.shop\/index.php\/wp-json\/wp\/v2\/types\/page"}],"author":[{"embeddable":true,"href":"https:\/\/fimdaqueda.shop\/index.php\/wp-json\/wp\/v2\/users\/1"}],"replies":[{"embeddable":true,"href":"https:\/\/fimdaqueda.shop\/index.php\/wp-json\/wp\/v2\/comments?post=2580"}],"version-history":[{"count":140,"href":"https:\/\/fimdaqueda.shop\/index.php\/wp-json\/wp\/v2\/pages\/2580\/revisions"}],"predecessor-version":[{"id":2962,"href":"https:\/\/fimdaqueda.shop\/index.php\/wp-json\/wp\/v2\/pages\/2580\/revisions\/2962"}],"wp:attachment":[{"href":"https:\/\/fimdaqueda.shop\/index.php\/wp-json\/wp\/v2\/media?parent=2580"}],"curies":[{"name":"wp","href":"https:\/\/api.w.org\/{rel}","templated":true}]}}